{"id":14817,"date":"2024-04-05T16:36:02","date_gmt":"2024-04-05T21:36:02","guid":{"rendered":"https:\/\/livialamblet.com\/?page_id=14817"},"modified":"2026-04-04T12:48:59","modified_gmt":"2026-04-04T17:48:59","slug":"sobrelivia","status":"publish","type":"page","link":"https:\/\/livialamblet.com\/eng\/","title":{"rendered":"L\u00edvia Lamblet Heatherly"},"content":{"rendered":"<h4 style=\"text-align: left;\">Visual Artist, Journalist and Writer<\/h4>\n<h6><img fetchpriority=\"high\" decoding=\"async\" class=\"alignright\" src=\"http:\/\/livialamblet.com\/wp-content\/uploads\/2024\/04\/eu-sonia.jpg\" alt=\"Eu segurando meu quadro da Ministra S\u00f4nia Guajajara\" width=\"224\" height=\"246\" \/>Click <a href=\"https:\/\/livialamblet.com\/eng\/portfolio\/\" target=\"_self\" rel=\"noopener\">here<\/a> to see the Artist's Portfolio<\/h6>\n<div dir=\"auto\">\nL\u00edvia Lamblet Heatherly is a Visual Artist, Journalist and Writer. She started her artistic career in Lincoln, <strong>Nebraska<\/strong>, USA, where she has lived for 9 years, and where she joined <strong><a href=\"http:\/\/clementsnoyesart.com\">Clement's Noyes Art Gallery's team<\/a><\/strong>.<\/div>\n<div dir=\"auto\">\n<p class=\" translation-block\">L\u00edvia also participated of other <em>open calls<\/em>  in other art galleries and the Opera House <strong><a href=\"https:\/\/o-pa.org\/visit-our-venues\/orpheum\/\" target=\"_self\">The Orpheum<\/a><\/strong>, in <strong>Omaha<\/strong>, Nebraska. Besides, her Yemanja piece was donated to the president of a very traditional samba school in Rio de Janeiro, in 2024.<\/p>\n<p class=\" translation-block\">Back to Brazil, she's focused in developing her skills and deeping her expertise. Currently, L\u00edvia is having Visual Arts classes at Est\u00e1cio de S\u00e1 University, Artistic Drawing classes at <strong>Centro de Artes Calouste Gulbenkian<\/strong>, in Rio de Janeiro, \u201cErrar Bonito \u2013 Deixando a Pintura Acontecer\u201d painting classes at Radar Artes Visuais, and she's just finished \u201cColor and Form\u201d classes at <strong>EAV do Parque Lage<\/strong>.<\/p>\n<p class=\" translation-block\">Although she'd begun her career focused in realism and oil on canvas as her main techniques, L\u00edvia has been seeking on refining and improving her art. Due to her effort to study, her recent pieces use <strong>mixed media<\/strong>, different types of support and material, making her work more <strong>contemporary<\/strong>. Her paiting \u201cO er\u00ea Jorginho e seu pocot\u00f3\u201d was made with oil, acrylic and collage on canvas, and her last piece, \"O Bate-Bola\", is an ascertained acrylic and oil on canvas, utilizing complementary colors to play with the chromatic circle.<\/p>\n<p class=\" translation-block\">L\u00edvia is graduated as a Journalist. Her final work <a href=\"https:\/\/livialamblet.com\/livro\/\" target=\"_self\" rel=\"noopener\"><b>A influ\u00eancia das novas tecnologias na comunica\u00e7\u00e3o humana<\/b><\/a> (The influence of the new technologies in human communication - translation) was turned into a book, that narrates how the human being created the society as it is today when he created the technologies to communicate.<\/p>\n<\/div>\n<p>Recently diagnosed as Autistic and ADHD, L\u00edvia has plans to create pieces that show how these disorders represent her life, but she believes that she still needs to mature this idea, so the work will precisely display what she wants to express.<\/p>\n<p class=\" translation-block\">To find the artist on social media, follow her Bluesky profile <a href=\"https:\/\/bsky.app\/profile\/livialamblet.com\" target=\"_self\">@livialamblet.com<\/a> and her professional Instagram <a href=\"http:\/\/instagram.com\/artesdalivialamblet\" target=\"_self\">@artesdalivialamblet<\/a>.<\/p>","protected":false},"excerpt":{"rendered":"<p>Artista Visual, Jornalista e Escritora Clique aqui para ver o Portf\u00f3lio da Artista L\u00edvia Lamblet Heatherly \u00e9 Artista Visual, Jornalista e Escritora. Come\u00e7ou &#8230; <a title=\"L\u00edvia Lamblet Heatherly\" class=\"read-more\" href=\"https:\/\/livialamblet.com\/eng\/\" aria-label=\"More on L\u00edvia Lamblet Heatherly\">Read more<\/a><\/p>","protected":false},"author":1,"featured_media":0,"parent":0,"menu_order":0,"comment_status":"closed","ping_status":"closed","template":"","meta":{"om_disable_all_campaigns":false,"_themeisle_gutenberg_block_has_review":false,"footnotes":""},"class_list":["post-14817","page","type-page","status-publish","hentry","no-featured-image-padding"],"yoast_head":"<!-- This site is optimized with the Yoast SEO Premium plugin v20.9 (Yoast SEO v22.4) - https:\/\/yoast.com\/wordpress\/plugins\/seo\/ -->\n<title>L\u00edvia Lamblet Heatherly - L\u00edvia Lamblet<\/title>\n<meta name=\"description\" content=\"Meu \u00e9 L\u00edvia Lamblet Heatherly e eu sou Artista Pl\u00e1stica, Jornalista, Escritora, Criadora de Conte\u00fado, Podcaster, M\u00e3e e Imigrante\" \/>\n<meta name=\"robots\" content=\"index, follow, max-snippet:-1, max-image-preview:large, max-video-preview:-1\" \/>\n<link rel=\"canonical\" href=\"https:\/\/livialamblet.com\/eng\/\" \/>\n<meta property=\"og:locale\" content=\"en_US\" \/>\n<meta property=\"og:type\" content=\"article\" \/>\n<meta property=\"og:title\" content=\"L\u00edvia Lamblet Heatherly\" \/>\n<meta property=\"og:description\" content=\"Meu \u00e9 L\u00edvia Lamblet Heatherly e eu sou Artista Pl\u00e1stica, Jornalista, Escritora, Criadora de Conte\u00fado, Podcaster, M\u00e3e e Imigrante\" \/>\n<meta property=\"og:url\" content=\"https:\/\/livialamblet.com\/eng\/\" \/>\n<meta property=\"og:site_name\" content=\"L\u00edvia Lamblet\" \/>\n<meta property=\"article:modified_time\" content=\"2026-04-04T17:48:59+00:00\" \/>\n<meta property=\"og:image\" content=\"http:\/\/livialamblet.com\/wp-content\/uploads\/2024\/04\/eu-sonia.jpg\" \/>\n<meta name=\"twitter:card\" content=\"summary_large_image\" \/>\n<meta name=\"twitter:label1\" content=\"Est. reading time\" \/>\n\t<meta name=\"twitter:data1\" content=\"3 minutes\" \/>\n<script type=\"application\/ld+json\" class=\"yoast-schema-graph\">{\"@context\":\"https:\/\/schema.org\",\"@graph\":[{\"@type\":\"WebPage\",\"@id\":\"https:\/\/livialamblet.com\/\",\"url\":\"https:\/\/livialamblet.com\/\",\"name\":\"L\u00edvia Lamblet Heatherly - L\u00edvia Lamblet\",\"isPartOf\":{\"@id\":\"https:\/\/livialamblet.com\/#website\"},\"primaryImageOfPage\":{\"@id\":\"https:\/\/livialamblet.com\/#primaryimage\"},\"image\":{\"@id\":\"https:\/\/livialamblet.com\/#primaryimage\"},\"thumbnailUrl\":\"http:\/\/livialamblet.com\/wp-content\/uploads\/2024\/04\/eu-sonia.jpg\",\"datePublished\":\"2024-04-05T21:36:02+00:00\",\"dateModified\":\"2026-04-04T17:48:59+00:00\",\"description\":\"Meu \u00e9 L\u00edvia Lamblet Heatherly e eu sou Artista Pl\u00e1stica, Jornalista, Escritora, Criadora de Conte\u00fado, Podcaster, M\u00e3e e Imigrante\",\"breadcrumb\":{\"@id\":\"https:\/\/livialamblet.com\/#breadcrumb\"},\"inLanguage\":\"en-US\",\"potentialAction\":[{\"@type\":\"ReadAction\",\"target\":[\"https:\/\/livialamblet.com\/\"]}]},{\"@type\":\"ImageObject\",\"inLanguage\":\"en-US\",\"@id\":\"https:\/\/livialamblet.com\/#primaryimage\",\"url\":\"http:\/\/livialamblet.com\/wp-content\/uploads\/2024\/04\/eu-sonia.jpg\",\"contentUrl\":\"http:\/\/livialamblet.com\/wp-content\/uploads\/2024\/04\/eu-sonia.jpg\"},{\"@type\":\"BreadcrumbList\",\"@id\":\"https:\/\/livialamblet.com\/#breadcrumb\",\"itemListElement\":[{\"@type\":\"ListItem\",\"position\":1,\"name\":\"In\u00edcio\",\"item\":\"https:\/\/livialamblet.com\/\"},{\"@type\":\"ListItem\",\"position\":2,\"name\":\"L\u00edvia Lamblet Heatherly\"}]},{\"@type\":\"WebSite\",\"@id\":\"https:\/\/livialamblet.com\/#website\",\"url\":\"https:\/\/livialamblet.com\/\",\"name\":\"L\u00edvia Lamblet\",\"description\":\"Artes Visuais\",\"publisher\":{\"@id\":\"https:\/\/livialamblet.com\/#organization\"},\"potentialAction\":[{\"@type\":\"SearchAction\",\"target\":{\"@type\":\"EntryPoint\",\"urlTemplate\":\"https:\/\/livialamblet.com\/?s={search_term_string}\"},\"query-input\":\"required name=search_term_string\"}],\"inLanguage\":\"en-US\"},{\"@type\":\"Organization\",\"@id\":\"https:\/\/livialamblet.com\/#organization\",\"name\":\"L\u00edvia Lamblet\",\"url\":\"https:\/\/livialamblet.com\/\",\"logo\":{\"@type\":\"ImageObject\",\"inLanguage\":\"en-US\",\"@id\":\"https:\/\/livialamblet.com\/#\/schema\/logo\/image\/\",\"url\":\"https:\/\/livialamblet.com\/wp-content\/uploads\/2024\/04\/cropped-capa-com-fundo-sonia.png\",\"contentUrl\":\"https:\/\/livialamblet.com\/wp-content\/uploads\/2024\/04\/cropped-capa-com-fundo-sonia.png\",\"width\":2220,\"height\":618,\"caption\":\"L\u00edvia Lamblet\"},\"image\":{\"@id\":\"https:\/\/livialamblet.com\/#\/schema\/logo\/image\/\"}}]}<\/script>\n<!-- \/ Yoast SEO Premium plugin. -->","yoast_head_json":{"title":"L\u00edvia Lamblet Heatherly - L\u00edvia Lamblet","description":"Meu \u00e9 L\u00edvia Lamblet Heatherly e eu sou Artista Pl\u00e1stica, Jornalista, Escritora, Criadora de Conte\u00fado, Podcaster, M\u00e3e e Imigrante","robots":{"index":"index","follow":"follow","max-snippet":"max-snippet:-1","max-image-preview":"max-image-preview:large","max-video-preview":"max-video-preview:-1"},"canonical":"https:\/\/livialamblet.com\/eng\/","og_locale":"en_US","og_type":"article","og_title":"L\u00edvia Lamblet Heatherly","og_description":"Meu \u00e9 L\u00edvia Lamblet Heatherly e eu sou Artista Pl\u00e1stica, Jornalista, Escritora, Criadora de Conte\u00fado, Podcaster, M\u00e3e e Imigrante","og_url":"https:\/\/livialamblet.com\/eng\/","og_site_name":"L\u00edvia Lamblet","article_modified_time":"2026-04-04T17:48:59+00:00","og_image":[{"url":"http:\/\/livialamblet.com\/wp-content\/uploads\/2024\/04\/eu-sonia.jpg"}],"twitter_card":"summary_large_image","twitter_misc":{"Est. reading time":"3 minutes"},"schema":{"@context":"https:\/\/schema.org","@graph":[{"@type":"WebPage","@id":"https:\/\/livialamblet.com\/","url":"https:\/\/livialamblet.com\/","name":"L\u00edvia Lamblet Heatherly - L\u00edvia Lamblet","isPartOf":{"@id":"https:\/\/livialamblet.com\/#website"},"primaryImageOfPage":{"@id":"https:\/\/livialamblet.com\/#primaryimage"},"image":{"@id":"https:\/\/livialamblet.com\/#primaryimage"},"thumbnailUrl":"http:\/\/livialamblet.com\/wp-content\/uploads\/2024\/04\/eu-sonia.jpg","datePublished":"2024-04-05T21:36:02+00:00","dateModified":"2026-04-04T17:48:59+00:00","description":"Meu \u00e9 L\u00edvia Lamblet Heatherly e eu sou Artista Pl\u00e1stica, Jornalista, Escritora, Criadora de Conte\u00fado, Podcaster, M\u00e3e e Imigrante","breadcrumb":{"@id":"https:\/\/livialamblet.com\/#breadcrumb"},"inLanguage":"en-US","potentialAction":[{"@type":"ReadAction","target":["https:\/\/livialamblet.com\/"]}]},{"@type":"ImageObject","inLanguage":"en-US","@id":"https:\/\/livialamblet.com\/#primaryimage","url":"http:\/\/livialamblet.com\/wp-content\/uploads\/2024\/04\/eu-sonia.jpg","contentUrl":"http:\/\/livialamblet.com\/wp-content\/uploads\/2024\/04\/eu-sonia.jpg"},{"@type":"BreadcrumbList","@id":"https:\/\/livialamblet.com\/#breadcrumb","itemListElement":[{"@type":"ListItem","position":1,"name":"In\u00edcio","item":"https:\/\/livialamblet.com\/"},{"@type":"ListItem","position":2,"name":"L\u00edvia Lamblet Heatherly"}]},{"@type":"WebSite","@id":"https:\/\/livialamblet.com\/#website","url":"https:\/\/livialamblet.com\/","name":"L\u00edvia Lamblet","description":"Artes Visuais","publisher":{"@id":"https:\/\/livialamblet.com\/#organization"},"potentialAction":[{"@type":"SearchAction","target":{"@type":"EntryPoint","urlTemplate":"https:\/\/livialamblet.com\/?s={search_term_string}"},"query-input":"required name=search_term_string"}],"inLanguage":"en-US"},{"@type":"Organization","@id":"https:\/\/livialamblet.com\/#organization","name":"L\u00edvia Lamblet","url":"https:\/\/livialamblet.com\/","logo":{"@type":"ImageObject","inLanguage":"en-US","@id":"https:\/\/livialamblet.com\/#\/schema\/logo\/image\/","url":"https:\/\/livialamblet.com\/wp-content\/uploads\/2024\/04\/cropped-capa-com-fundo-sonia.png","contentUrl":"https:\/\/livialamblet.com\/wp-content\/uploads\/2024\/04\/cropped-capa-com-fundo-sonia.png","width":2220,"height":618,"caption":"L\u00edvia Lamblet"},"image":{"@id":"https:\/\/livialamblet.com\/#\/schema\/logo\/image\/"}}]}},"jetpack_sharing_enabled":true,"rttpg_featured_image_url":null,"rttpg_author":{"display_name":"Livia Lamblet","author_link":"https:\/\/livialamblet.com\/eng\/author\/livia\/"},"rttpg_comment":0,"rttpg_category":null,"rttpg_excerpt":"Artista Visual, Jornalista e Escritora Clique aqui para ver o Portf\u00f3lio da Artista L\u00edvia Lamblet Heatherly \u00e9 Artista Visual, Jornalista e Escritora. Come\u00e7ou ... Read more","_links":{"self":[{"href":"https:\/\/livialamblet.com\/eng\/wp-json\/wp\/v2\/pages\/14817","targetHints":{"allow":["GET"]}}],"collection":[{"href":"https:\/\/livialamblet.com\/eng\/wp-json\/wp\/v2\/pages"}],"about":[{"href":"https:\/\/livialamblet.com\/eng\/wp-json\/wp\/v2\/types\/page"}],"author":[{"embeddable":true,"href":"https:\/\/livialamblet.com\/eng\/wp-json\/wp\/v2\/users\/1"}],"replies":[{"embeddable":true,"href":"https:\/\/livialamblet.com\/eng\/wp-json\/wp\/v2\/comments?post=14817"}],"version-history":[{"count":64,"href":"https:\/\/livialamblet.com\/eng\/wp-json\/wp\/v2\/pages\/14817\/revisions"}],"predecessor-version":[{"id":16197,"href":"https:\/\/livialamblet.com\/eng\/wp-json\/wp\/v2\/pages\/14817\/revisions\/16197"}],"wp:attachment":[{"href":"https:\/\/livialamblet.com\/eng\/wp-json\/wp\/v2\/media?parent=14817"}],"curies":[{"name":"wp","href":"https:\/\/api.w.org\/{rel}","templated":true}]}}