{"id":14102,"date":"2023-07-29T10:40:53","date_gmt":"2023-07-29T15:40:53","guid":{"rendered":"https:\/\/livialamblet.com\/?page_id=14102"},"modified":"2024-03-26T23:48:57","modified_gmt":"2024-03-27T04:48:57","slug":"livro","status":"publish","type":"page","link":"https:\/\/livialamblet.com\/eng\/livro\/","title":{"rendered":"Book"},"content":{"rendered":"<div data-elementor-type=\"wp-page\" data-elementor-id=\"14102\" class=\"elementor elementor-14102\">\n\t\t\t\t\t\t<section class=\"elementor-section elementor-top-section elementor-element elementor-element-ab5ed33 elementor-section-boxed elementor-section-height-default elementor-section-height-default wpr-particle-no wpr-jarallax-no wpr-parallax-no wpr-sticky-section-no\" data-id=\"ab5ed33\" data-element_type=\"section\" data-e-type=\"section\">\n\t\t\t\t\t\t<div class=\"elementor-container elementor-column-gap-default\">\n\t\t\t\t\t<div class=\"elementor-column elementor-col-33 elementor-top-column elementor-element elementor-element-3b6b8ac\" data-id=\"3b6b8ac\" data-element_type=\"column\" data-e-type=\"column\">\n\t\t\t<div class=\"elementor-widget-wrap elementor-element-populated\">\n\t\t\t\t\t\t<div class=\"elementor-element elementor-element-a58a1e3 elementor-widget elementor-widget-image\" data-id=\"a58a1e3\" data-element_type=\"widget\" data-e-type=\"widget\" data-widget_type=\"image.default\">\n\t\t\t\t<div class=\"elementor-widget-container\">\n\t\t\t\t\t\t\t\t\t\t\t\t\t\t\t<img fetchpriority=\"high\" decoding=\"async\" width=\"652\" height=\"1000\" src=\"https:\/\/livialamblet.com\/wp-content\/uploads\/2023\/07\/capa-livro.jpg\" class=\"attachment-medium_large size-medium_large wp-image-14104\" alt=\"\" \/>\t\t\t\t\t\t\t\t\t\t\t\t\t\t\t<\/div>\n\t\t\t\t<\/div>\n\t\t\t\t\t<\/div>\n\t\t<\/div>\n\t\t\t\t<div class=\"elementor-column elementor-col-66 elementor-top-column elementor-element elementor-element-b99fa68\" data-id=\"b99fa68\" data-element_type=\"column\" data-e-type=\"column\">\n\t\t\t<div class=\"elementor-widget-wrap elementor-element-populated\">\n\t\t\t\t\t\t<div class=\"elementor-element elementor-element-bbcbf89 elementor-widget elementor-widget-text-editor\" data-id=\"bbcbf89\" data-element_type=\"widget\" data-e-type=\"widget\" data-widget_type=\"text-editor.default\">\n\t\t\t\t<div class=\"elementor-widget-container\">\n\t\t\t\t\t\t\t\t\t<p>THE INFLUENCE OF NEW TECHNOLOGIES IN HUMAN COMUNICATION (in Portuguese)<\/p><p style=\"text-align: justify;\">The book intends to analyze the human being evolution since the advent of writing until our current generation.The reaserch will narrate the comunication medias and the society's history. Besides, it questions the negative and marketing usage of press and how comunication was used throughout the years as an instrument of power and alienation.<\/p><p style=\"text-align: justify;\">The chapter that names this work exposes the inovations not only in comunication, but also in the culture. Through books from Manuel Castells and Jair Ferreira dos Santos it was possible to create concepts to explain our modern society. According to implications that the post modern culture provides through telematics, the concepts of borders; social distance; and control; that ended up resulting in transformations that were studied and discoursed in topics.<\/p><p style=\"text-align: left;\"><a href=\"https:\/\/www.editoramultifoco.com.br\/shop\/a-influencia-das-novas-tecnologias-na-comunicacao-humana-2865#attr=\" target=\"_blank\" rel=\"noopener\"><strong><a href=\"https:\/\/www.editoramultifoco.com.br\/shop\/a-influencia-das-novas-tecnologias-na-comunicacao-humana-2865#attr=\">Buy the book<\/a><\/strong><\/a><\/p>\t\t\t\t\t\t\t\t<\/div>\n\t\t\t\t<\/div>\n\t\t\t\t\t<\/div>\n\t\t<\/div>\n\t\t\t\t\t<\/div>\n\t\t<\/section>\n\t\t\t\t<\/div>","protected":false},"excerpt":{"rendered":"<p>A INFLU\u00caNCIA DAS NOVAS TECNOLOGIAS NA COMUNICA\u00c7\u00c3O HUMANA O livro pretende analisar a evolu\u00e7\u00e3o do homem desde o advento da\u00a0escrita at\u00e9 as gera\u00e7\u00f5es &#8230; <a title=\"Book\" class=\"read-more\" href=\"https:\/\/livialamblet.com\/eng\/livro\/\" aria-label=\"More on Livro\">Read more<\/a><\/p>","protected":false},"author":1,"featured_media":0,"parent":0,"menu_order":0,"comment_status":"closed","ping_status":"closed","template":"","meta":{"om_disable_all_campaigns":false,"_themeisle_gutenberg_block_has_review":false,"footnotes":""},"class_list":["post-14102","page","type-page","status-publish","hentry","no-featured-image-padding"],"yoast_head":"<!-- This site is optimized with the Yoast SEO Premium plugin v20.9 (Yoast SEO v22.4) - https:\/\/yoast.com\/wordpress\/plugins\/seo\/ -->\n<title>Livro - L\u00edvia Lamblet<\/title>\n<meta name=\"description\" content=\"O livro A Influ\u00eancia das Novas Tecnologias na Comunica\u00e7\u00e3o Humana pretende analisar a evolu\u00e7\u00e3o do homem desde o advento da escrita\" \/>\n<meta name=\"robots\" content=\"index, follow, max-snippet:-1, max-image-preview:large, max-video-preview:-1\" \/>\n<link rel=\"canonical\" href=\"https:\/\/livialamblet.com\/eng\/livro\/\" \/>\n<meta property=\"og:locale\" content=\"en_US\" \/>\n<meta property=\"og:type\" content=\"article\" \/>\n<meta property=\"og:title\" content=\"Livro\" \/>\n<meta property=\"og:description\" content=\"O livro A Influ\u00eancia das Novas Tecnologias na Comunica\u00e7\u00e3o Humana pretende analisar a evolu\u00e7\u00e3o do homem desde o advento da escrita\" \/>\n<meta property=\"og:url\" content=\"https:\/\/livialamblet.com\/eng\/livro\/\" \/>\n<meta property=\"og:site_name\" content=\"L\u00edvia Lamblet\" \/>\n<meta property=\"article:modified_time\" content=\"2024-03-27T04:48:57+00:00\" \/>\n<meta property=\"og:image\" content=\"http:\/\/livialamblet.com\/wp-content\/uploads\/2023\/07\/capa-livro.jpg\" \/>\n<meta name=\"twitter:card\" content=\"summary_large_image\" \/>\n<meta name=\"twitter:label1\" content=\"Est. reading time\" \/>\n\t<meta name=\"twitter:data1\" content=\"2 minutes\" \/>\n<script type=\"application\/ld+json\" class=\"yoast-schema-graph\">{\"@context\":\"https:\/\/schema.org\",\"@graph\":[{\"@type\":\"WebPage\",\"@id\":\"https:\/\/livialamblet.com\/livro\/\",\"url\":\"https:\/\/livialamblet.com\/livro\/\",\"name\":\"Livro - L\u00edvia Lamblet\",\"isPartOf\":{\"@id\":\"https:\/\/livialamblet.com\/#website\"},\"primaryImageOfPage\":{\"@id\":\"https:\/\/livialamblet.com\/livro\/#primaryimage\"},\"image\":{\"@id\":\"https:\/\/livialamblet.com\/livro\/#primaryimage\"},\"thumbnailUrl\":\"http:\/\/livialamblet.com\/wp-content\/uploads\/2023\/07\/capa-livro.jpg\",\"datePublished\":\"2023-07-29T15:40:53+00:00\",\"dateModified\":\"2024-03-27T04:48:57+00:00\",\"description\":\"O livro A Influ\u00eancia das Novas Tecnologias na Comunica\u00e7\u00e3o Humana pretende analisar a evolu\u00e7\u00e3o do homem desde o advento da escrita\",\"breadcrumb\":{\"@id\":\"https:\/\/livialamblet.com\/livro\/#breadcrumb\"},\"inLanguage\":\"en-US\",\"potentialAction\":[{\"@type\":\"ReadAction\",\"target\":[\"https:\/\/livialamblet.com\/livro\/\"]}]},{\"@type\":\"ImageObject\",\"inLanguage\":\"en-US\",\"@id\":\"https:\/\/livialamblet.com\/livro\/#primaryimage\",\"url\":\"http:\/\/livialamblet.com\/wp-content\/uploads\/2023\/07\/capa-livro.jpg\",\"contentUrl\":\"http:\/\/livialamblet.com\/wp-content\/uploads\/2023\/07\/capa-livro.jpg\"},{\"@type\":\"BreadcrumbList\",\"@id\":\"https:\/\/livialamblet.com\/livro\/#breadcrumb\",\"itemListElement\":[{\"@type\":\"ListItem\",\"position\":1,\"name\":\"In\u00edcio\",\"item\":\"https:\/\/livialamblet.com\/\"},{\"@type\":\"ListItem\",\"position\":2,\"name\":\"Livro\"}]},{\"@type\":\"WebSite\",\"@id\":\"https:\/\/livialamblet.com\/#website\",\"url\":\"https:\/\/livialamblet.com\/\",\"name\":\"L\u00edvia Lamblet\",\"description\":\"Artes Visuais\",\"publisher\":{\"@id\":\"https:\/\/livialamblet.com\/#organization\"},\"potentialAction\":[{\"@type\":\"SearchAction\",\"target\":{\"@type\":\"EntryPoint\",\"urlTemplate\":\"https:\/\/livialamblet.com\/?s={search_term_string}\"},\"query-input\":\"required name=search_term_string\"}],\"inLanguage\":\"en-US\"},{\"@type\":\"Organization\",\"@id\":\"https:\/\/livialamblet.com\/#organization\",\"name\":\"L\u00edvia Lamblet\",\"url\":\"https:\/\/livialamblet.com\/\",\"logo\":{\"@type\":\"ImageObject\",\"inLanguage\":\"en-US\",\"@id\":\"https:\/\/livialamblet.com\/#\/schema\/logo\/image\/\",\"url\":\"https:\/\/livialamblet.com\/wp-content\/uploads\/2024\/04\/cropped-capa-com-fundo-sonia.png\",\"contentUrl\":\"https:\/\/livialamblet.com\/wp-content\/uploads\/2024\/04\/cropped-capa-com-fundo-sonia.png\",\"width\":2220,\"height\":618,\"caption\":\"L\u00edvia Lamblet\"},\"image\":{\"@id\":\"https:\/\/livialamblet.com\/#\/schema\/logo\/image\/\"}}]}<\/script>\n<!-- \/ Yoast SEO Premium plugin. -->","yoast_head_json":{"title":"Livro - L\u00edvia Lamblet","description":"O livro A Influ\u00eancia das Novas Tecnologias na Comunica\u00e7\u00e3o Humana pretende analisar a evolu\u00e7\u00e3o do homem desde o advento da escrita","robots":{"index":"index","follow":"follow","max-snippet":"max-snippet:-1","max-image-preview":"max-image-preview:large","max-video-preview":"max-video-preview:-1"},"canonical":"https:\/\/livialamblet.com\/eng\/livro\/","og_locale":"en_US","og_type":"article","og_title":"Livro","og_description":"O livro A Influ\u00eancia das Novas Tecnologias na Comunica\u00e7\u00e3o Humana pretende analisar a evolu\u00e7\u00e3o do homem desde o advento da escrita","og_url":"https:\/\/livialamblet.com\/eng\/livro\/","og_site_name":"L\u00edvia Lamblet","article_modified_time":"2024-03-27T04:48:57+00:00","og_image":[{"url":"http:\/\/livialamblet.com\/wp-content\/uploads\/2023\/07\/capa-livro.jpg"}],"twitter_card":"summary_large_image","twitter_misc":{"Est. reading time":"2 minutes"},"schema":{"@context":"https:\/\/schema.org","@graph":[{"@type":"WebPage","@id":"https:\/\/livialamblet.com\/livro\/","url":"https:\/\/livialamblet.com\/livro\/","name":"Livro - L\u00edvia Lamblet","isPartOf":{"@id":"https:\/\/livialamblet.com\/#website"},"primaryImageOfPage":{"@id":"https:\/\/livialamblet.com\/livro\/#primaryimage"},"image":{"@id":"https:\/\/livialamblet.com\/livro\/#primaryimage"},"thumbnailUrl":"http:\/\/livialamblet.com\/wp-content\/uploads\/2023\/07\/capa-livro.jpg","datePublished":"2023-07-29T15:40:53+00:00","dateModified":"2024-03-27T04:48:57+00:00","description":"O livro A Influ\u00eancia das Novas Tecnologias na Comunica\u00e7\u00e3o Humana pretende analisar a evolu\u00e7\u00e3o do homem desde o advento da escrita","breadcrumb":{"@id":"https:\/\/livialamblet.com\/livro\/#breadcrumb"},"inLanguage":"en-US","potentialAction":[{"@type":"ReadAction","target":["https:\/\/livialamblet.com\/livro\/"]}]},{"@type":"ImageObject","inLanguage":"en-US","@id":"https:\/\/livialamblet.com\/livro\/#primaryimage","url":"http:\/\/livialamblet.com\/wp-content\/uploads\/2023\/07\/capa-livro.jpg","contentUrl":"http:\/\/livialamblet.com\/wp-content\/uploads\/2023\/07\/capa-livro.jpg"},{"@type":"BreadcrumbList","@id":"https:\/\/livialamblet.com\/livro\/#breadcrumb","itemListElement":[{"@type":"ListItem","position":1,"name":"In\u00edcio","item":"https:\/\/livialamblet.com\/"},{"@type":"ListItem","position":2,"name":"Livro"}]},{"@type":"WebSite","@id":"https:\/\/livialamblet.com\/#website","url":"https:\/\/livialamblet.com\/","name":"L\u00edvia Lamblet","description":"Artes Visuais","publisher":{"@id":"https:\/\/livialamblet.com\/#organization"},"potentialAction":[{"@type":"SearchAction","target":{"@type":"EntryPoint","urlTemplate":"https:\/\/livialamblet.com\/?s={search_term_string}"},"query-input":"required name=search_term_string"}],"inLanguage":"en-US"},{"@type":"Organization","@id":"https:\/\/livialamblet.com\/#organization","name":"L\u00edvia Lamblet","url":"https:\/\/livialamblet.com\/","logo":{"@type":"ImageObject","inLanguage":"en-US","@id":"https:\/\/livialamblet.com\/#\/schema\/logo\/image\/","url":"https:\/\/livialamblet.com\/wp-content\/uploads\/2024\/04\/cropped-capa-com-fundo-sonia.png","contentUrl":"https:\/\/livialamblet.com\/wp-content\/uploads\/2024\/04\/cropped-capa-com-fundo-sonia.png","width":2220,"height":618,"caption":"L\u00edvia Lamblet"},"image":{"@id":"https:\/\/livialamblet.com\/#\/schema\/logo\/image\/"}}]}},"jetpack_sharing_enabled":true,"rttpg_featured_image_url":null,"rttpg_author":{"display_name":"Livia Lamblet","author_link":"https:\/\/livialamblet.com\/eng\/author\/livia\/"},"rttpg_comment":0,"rttpg_category":null,"rttpg_excerpt":"A INFLU\u00caNCIA DAS NOVAS TECNOLOGIAS NA COMUNICA\u00c7\u00c3O HUMANA O livro pretende analisar a evolu\u00e7\u00e3o do homem desde o advento da\u00a0escrita at\u00e9 as gera\u00e7\u00f5es ... Read more","_links":{"self":[{"href":"https:\/\/livialamblet.com\/eng\/wp-json\/wp\/v2\/pages\/14102","targetHints":{"allow":["GET"]}}],"collection":[{"href":"https:\/\/livialamblet.com\/eng\/wp-json\/wp\/v2\/pages"}],"about":[{"href":"https:\/\/livialamblet.com\/eng\/wp-json\/wp\/v2\/types\/page"}],"author":[{"embeddable":true,"href":"https:\/\/livialamblet.com\/eng\/wp-json\/wp\/v2\/users\/1"}],"replies":[{"embeddable":true,"href":"https:\/\/livialamblet.com\/eng\/wp-json\/wp\/v2\/comments?post=14102"}],"version-history":[{"count":38,"href":"https:\/\/livialamblet.com\/eng\/wp-json\/wp\/v2\/pages\/14102\/revisions"}],"predecessor-version":[{"id":14685,"href":"https:\/\/livialamblet.com\/eng\/wp-json\/wp\/v2\/pages\/14102\/revisions\/14685"}],"wp:attachment":[{"href":"https:\/\/livialamblet.com\/eng\/wp-json\/wp\/v2\/media?parent=14102"}],"curies":[{"name":"wp","href":"https:\/\/api.w.org\/{rel}","templated":true}]}}